{"id":31,"date":"2022-06-23T07:32:03","date_gmt":"2022-06-23T07:32:03","guid":{"rendered":"https:\/\/acesur.devmkt.eu\/?page_id=31"},"modified":"2023-04-12T10:46:11","modified_gmt":"2023-04-12T10:46:11","slug":"noticias","status":"publish","type":"page","link":"https:\/\/acesur.com\/es\/noticias\/","title":{"rendered":"Noticias"},"content":{"rendered":"<p>[et_pb_section fb_built=\u00bb1&#8243; _builder_version=\u00bb4.17.4&#8243; _module_preset=\u00bbdefault\u00bb custom_padding=\u00bb5px||30px||false|false\u00bb global_colors_info=\u00bb{}\u00bb][et_pb_row _builder_version=\u00bb4.17.4&#8243; _module_preset=\u00bbdefault\u00bb custom_padding=\u00bb||15px||false|false\u00bb global_colors_info=\u00bb{}\u00bb][et_pb_column type=\u00bb4_4&#8243; _builder_version=\u00bb4.17.4&#8243; _module_preset=\u00bbdefault\u00bb global_colors_info=\u00bb{}\u00bb][lwp_divi_breadcrumbs home_text=\u00bbAcesur\u00bb font_icon=\u00bb&#x35;||divi||400&#8243; link_color=\u00bb#323330&#8243; separator_color=\u00bb#323330&#8243; current_text_color=\u00bb#323330&#8243; _builder_version=\u00bb4.17.4&#8243; _module_preset=\u00bbdefault\u00bb module_font=\u00bbGotham||||||||\u00bb module_text_color=\u00bb#323330&#8243; module_font_size=\u00bb13px\u00bb global_colors_info=\u00bb{}\u00bb][\/lwp_divi_breadcrumbs][et_pb_text _builder_version=\u00bb4.17.4&#8243; _module_preset=\u00bbdefault\u00bb text_font=\u00bb|||on|||||\u00bb text_text_color=\u00bb#286088&#8243; text_font_size=\u00bb33px\u00bb header_text_color=\u00bb#286088&#8243; header_font_size=\u00bb33px\u00bb header_2_text_color=\u00bb#286088&#8243; header_2_font_size=\u00bb33px\u00bb text_orientation=\u00bbcenter\u00bb custom_padding=\u00bb15px||8px||false|false\u00bb custom_padding_tablet=\u00bb15px||8px||false|false\u00bb custom_padding_phone=\u00bb||0px||false|false\u00bb custom_padding_last_edited=\u00bbon|phone\u00bb text_font_size_tablet=\u00bb33px\u00bb text_font_size_phone=\u00bb24px\u00bb text_font_size_last_edited=\u00bbon|phone\u00bb header_2_font_size_tablet=\u00bb33px\u00bb header_2_font_size_phone=\u00bb24px\u00bb header_2_font_size_last_edited=\u00bbon|phone\u00bb custom_css_main_element=\u00bbfont-family: GothamMedium; \u00bb global_colors_info=\u00bb{}\u00bb]<\/p>\n<h1>NOTICIAS<\/h1>\n<p>[\/et_pb_text][et_pb_image src=\u00bbhttps:\/\/acesur.com\/wp-content\/uploads\/2022\/10\/Acesur-Banner-noticias-1168&#215;365-v2.jpg\u00bb alt=\u00bbAcesur informa\u00bb title_text=\u00bbAcesur-Banner-noticias-1168&#215;365-v2&#8243; module_class=\u00bbnoticias-top-img\u00bb _builder_version=\u00bb4.17.4&#8243; _module_preset=\u00bbdefault\u00bb global_colors_info=\u00bb{}\u00bb][\/et_pb_image][\/et_pb_column][\/et_pb_row][et_pb_row _builder_version=\u00bb4.17.4&#8243; _module_preset=\u00bbdefault\u00bb custom_padding=\u00bb||||false|false\u00bb global_colors_info=\u00bb{}\u00bb][et_pb_column type=\u00bb4_4&#8243; _builder_version=\u00bb4.17.4&#8243; _module_preset=\u00bbdefault\u00bb global_colors_info=\u00bb{}\u00bb][et_pb_blog_extras posts_number=\u00bb9&#8243; blog_layout=\u00bbblock_extended\u00bb meta_date=\u00bb \u00bb image_position=\u00bbbackground\u00bb excerpt_length=\u00bb120&#8243; show_more=\u00bboff\u00bb show_author=\u00bboff\u00bb show_categories=\u00bboff\u00bb show_comments=\u00bboff\u00bb show_load_more=\u00bbon\u00bb pagination_type=\u00bboff\u00bb use_wp_pagenavi=\u00bbon\u00bb module_class=\u00bbnoticias-blogs\u00bb _builder_version=\u00bb4.17.4&#8243; _module_preset=\u00bbdefault\u00bb post_date_text_shadow_style=\u00bbpreset1&#8243; global_colors_info=\u00bb{}\u00bb][\/et_pb_blog_extras][\/et_pb_column][\/et_pb_row][et_pb_row _builder_version=\u00bb4.17.4&#8243; _module_preset=\u00bbdefault\u00bb global_colors_info=\u00bb{}\u00bb][et_pb_column type=\u00bb4_4&#8243; _builder_version=\u00bb4.17.4&#8243; _module_preset=\u00bbdefault\u00bb global_colors_info=\u00bb{}\u00bb][et_pb_image src=\u00bbhttps:\/\/acesur.com\/wp-content\/uploads\/2022\/12\/Banner-Ministerio-de-economia-industria-y-competitividad-500&#215;156-1.jpg\u00bb title_text=\u00bbBanner-Ministerio-de-economia-industria-y-competitividad-500&#215;156&#8243; align=\u00bbcenter\u00bb _builder_version=\u00bb4.17.4&#8243; _module_preset=\u00bbdefault\u00bb global_colors_info=\u00bb{}\u00bb][\/et_pb_image][\/et_pb_column][\/et_pb_row][\/et_pb_section]<\/p>\n","protected":false},"excerpt":{"rendered":"<p><div class=\"et_pb_module lwp_divi_breadcrumbs lwp_divi_breadcrumbs_0\">\n\t\t\t\t\n\t\t\t\t\n\t\t\t\t\n\t\t\t\t\n\t\t\t\t\n\t\t\t\t\n\t\t\t\t<div class=\"et_pb_module_inner\">\n\t\t\t\t\t<div class=\"lwp-breadcrumbs\"> <span class=\"before\"><\/span> <span vocab=\"https:\/\/schema.org\/\" typeof=\"BreadcrumbList\"><span property=\"itemListElement\" typeof=\"ListItem\"><a property=\"item\" typeof=\"WebPage\" href=\"https:\/\/acesur.com\/es\/\" class=\"home\"><span property=\"name\">Acesur<\/span><\/a><meta property=\"position\" content=\"1\"><\/span> <span class=\"separator et-pb-icon\">5<\/span> <\/span><\/div>\n\t\t\t\t<\/div>\n\t\t\t<\/div>NOTICIAS<\/p>\n","protected":false},"author":1,"featured_media":0,"parent":0,"menu_order":0,"comment_status":"closed","ping_status":"closed","template":"","meta":{"_acf_changed":false,"_et_pb_use_builder":"on","_et_pb_old_content":"<!-- wp:divi\/placeholder \/-->","_et_gb_content_width":"","footnotes":""},"class_list":["post-31","page","type-page","status-publish","hentry"],"acf":[],"yoast_head":"<!-- This site is optimized with the Yoast SEO plugin v26.9 - https:\/\/yoast.com\/product\/yoast-seo-wordpress\/ -->\n<title>Noticias de actualidad de Acesur<\/title>\n<meta name=\"description\" content=\"Conoce las \u00faltimas novedades de Acesur y del sector del aceite de oliva en proyectos de innovaci\u00f3n, presencia comercial o campa\u00f1as de marketing.\" \/>\n<meta name=\"robots\" content=\"index, follow, max-snippet:-1, max-image-preview:large, max-video-preview:-1\" \/>\n<link rel=\"canonical\" href=\"https:\/\/acesur.com\/es\/noticias\/\" \/>\n<meta property=\"og:locale\" content=\"es_ES\" \/>\n<meta property=\"og:type\" content=\"article\" \/>\n<meta property=\"og:title\" content=\"Noticias de actualidad de Acesur\" \/>\n<meta property=\"og:description\" content=\"Conoce las \u00faltimas novedades de Acesur y del sector del aceite de oliva en proyectos de innovaci\u00f3n, presencia comercial o campa\u00f1as de marketing.\" \/>\n<meta property=\"og:url\" content=\"https:\/\/acesur.com\/es\/noticias\/\" \/>\n<meta property=\"og:site_name\" content=\"Acesur.com\" \/>\n<meta property=\"article:modified_time\" content=\"2023-04-12T10:46:11+00:00\" \/>\n<meta name=\"twitter:card\" content=\"summary_large_image\" \/>\n<meta name=\"twitter:site\" content=\"@AcesurGrupo\" \/>\n<meta name=\"twitter:label1\" content=\"Tiempo de lectura\" \/>\n\t<meta name=\"twitter:data1\" content=\"1 minuto\" \/>\n<script type=\"application\/ld+json\" class=\"yoast-schema-graph\">{\"@context\":\"https:\/\/schema.org\",\"@graph\":[{\"@type\":\"WebPage\",\"@id\":\"https:\/\/acesur.com\/es\/noticias\/\",\"url\":\"https:\/\/acesur.com\/es\/noticias\/\",\"name\":\"Noticias de actualidad de Acesur\",\"isPartOf\":{\"@id\":\"https:\/\/acesur.com\/es\/#website\"},\"datePublished\":\"2022-06-23T07:32:03+00:00\",\"dateModified\":\"2023-04-12T10:46:11+00:00\",\"description\":\"Conoce las \u00faltimas novedades de Acesur y del sector del aceite de oliva en proyectos de innovaci\u00f3n, presencia comercial o campa\u00f1as de marketing.\",\"breadcrumb\":{\"@id\":\"https:\/\/acesur.com\/es\/noticias\/#breadcrumb\"},\"inLanguage\":\"es\",\"potentialAction\":[{\"@type\":\"ReadAction\",\"target\":[\"https:\/\/acesur.com\/es\/noticias\/\"]}]},{\"@type\":\"BreadcrumbList\",\"@id\":\"https:\/\/acesur.com\/es\/noticias\/#breadcrumb\",\"itemListElement\":[{\"@type\":\"ListItem\",\"position\":1,\"name\":\"Portada\",\"item\":\"https:\/\/acesur.com\/es\/\"},{\"@type\":\"ListItem\",\"position\":2,\"name\":\"Noticias\"}]},{\"@type\":\"WebSite\",\"@id\":\"https:\/\/acesur.com\/es\/#website\",\"url\":\"https:\/\/acesur.com\/es\/\",\"name\":\"Acesur.com\",\"description\":\"Grupo Acesur, referente en el mercado del aceite de oliva\",\"publisher\":{\"@id\":\"https:\/\/acesur.com\/es\/#organization\"},\"alternateName\":\"Grupo Acesur\",\"potentialAction\":[{\"@type\":\"SearchAction\",\"target\":{\"@type\":\"EntryPoint\",\"urlTemplate\":\"https:\/\/acesur.com\/es\/?s={search_term_string}\"},\"query-input\":{\"@type\":\"PropertyValueSpecification\",\"valueRequired\":true,\"valueName\":\"search_term_string\"}}],\"inLanguage\":\"es\"},{\"@type\":\"Organization\",\"@id\":\"https:\/\/acesur.com\/es\/#organization\",\"name\":\"Acesur\",\"alternateName\":\"Grupo Acesur\",\"url\":\"https:\/\/acesur.com\/es\/\",\"logo\":{\"@type\":\"ImageObject\",\"inLanguage\":\"es\",\"@id\":\"https:\/\/acesur.com\/es\/#\/schema\/logo\/image\/\",\"url\":\"https:\/\/acesur.com\/wp-content\/uploads\/2022\/07\/cropped-fevi-1.png\",\"contentUrl\":\"https:\/\/acesur.com\/wp-content\/uploads\/2022\/07\/cropped-fevi-1.png\",\"width\":512,\"height\":512,\"caption\":\"Acesur\"},\"image\":{\"@id\":\"https:\/\/acesur.com\/es\/#\/schema\/logo\/image\/\"},\"sameAs\":[\"https:\/\/x.com\/AcesurGrupo\"]}]}<\/script>\n<!-- \/ Yoast SEO plugin. -->","yoast_head_json":{"title":"Noticias de actualidad de Acesur","description":"Conoce las \u00faltimas novedades de Acesur y del sector del aceite de oliva en proyectos de innovaci\u00f3n, presencia comercial o campa\u00f1as de marketing.","robots":{"index":"index","follow":"follow","max-snippet":"max-snippet:-1","max-image-preview":"max-image-preview:large","max-video-preview":"max-video-preview:-1"},"canonical":"https:\/\/acesur.com\/es\/noticias\/","og_locale":"es_ES","og_type":"article","og_title":"Noticias de actualidad de Acesur","og_description":"Conoce las \u00faltimas novedades de Acesur y del sector del aceite de oliva en proyectos de innovaci\u00f3n, presencia comercial o campa\u00f1as de marketing.","og_url":"https:\/\/acesur.com\/es\/noticias\/","og_site_name":"Acesur.com","article_modified_time":"2023-04-12T10:46:11+00:00","twitter_card":"summary_large_image","twitter_site":"@AcesurGrupo","twitter_misc":{"Tiempo de lectura":"1 minuto"},"schema":{"@context":"https:\/\/schema.org","@graph":[{"@type":"WebPage","@id":"https:\/\/acesur.com\/es\/noticias\/","url":"https:\/\/acesur.com\/es\/noticias\/","name":"Noticias de actualidad de Acesur","isPartOf":{"@id":"https:\/\/acesur.com\/es\/#website"},"datePublished":"2022-06-23T07:32:03+00:00","dateModified":"2023-04-12T10:46:11+00:00","description":"Conoce las \u00faltimas novedades de Acesur y del sector del aceite de oliva en proyectos de innovaci\u00f3n, presencia comercial o campa\u00f1as de marketing.","breadcrumb":{"@id":"https:\/\/acesur.com\/es\/noticias\/#breadcrumb"},"inLanguage":"es","potentialAction":[{"@type":"ReadAction","target":["https:\/\/acesur.com\/es\/noticias\/"]}]},{"@type":"BreadcrumbList","@id":"https:\/\/acesur.com\/es\/noticias\/#breadcrumb","itemListElement":[{"@type":"ListItem","position":1,"name":"Portada","item":"https:\/\/acesur.com\/es\/"},{"@type":"ListItem","position":2,"name":"Noticias"}]},{"@type":"WebSite","@id":"https:\/\/acesur.com\/es\/#website","url":"https:\/\/acesur.com\/es\/","name":"Acesur.com","description":"Grupo Acesur, referente en el mercado del aceite de oliva","publisher":{"@id":"https:\/\/acesur.com\/es\/#organization"},"alternateName":"Grupo Acesur","potentialAction":[{"@type":"SearchAction","target":{"@type":"EntryPoint","urlTemplate":"https:\/\/acesur.com\/es\/?s={search_term_string}"},"query-input":{"@type":"PropertyValueSpecification","valueRequired":true,"valueName":"search_term_string"}}],"inLanguage":"es"},{"@type":"Organization","@id":"https:\/\/acesur.com\/es\/#organization","name":"Acesur","alternateName":"Grupo Acesur","url":"https:\/\/acesur.com\/es\/","logo":{"@type":"ImageObject","inLanguage":"es","@id":"https:\/\/acesur.com\/es\/#\/schema\/logo\/image\/","url":"https:\/\/acesur.com\/wp-content\/uploads\/2022\/07\/cropped-fevi-1.png","contentUrl":"https:\/\/acesur.com\/wp-content\/uploads\/2022\/07\/cropped-fevi-1.png","width":512,"height":512,"caption":"Acesur"},"image":{"@id":"https:\/\/acesur.com\/es\/#\/schema\/logo\/image\/"},"sameAs":["https:\/\/x.com\/AcesurGrupo"]}]}},"_links":{"self":[{"href":"https:\/\/acesur.com\/es\/wp-json\/wp\/v2\/pages\/31","targetHints":{"allow":["GET"]}}],"collection":[{"href":"https:\/\/acesur.com\/es\/wp-json\/wp\/v2\/pages"}],"about":[{"href":"https:\/\/acesur.com\/es\/wp-json\/wp\/v2\/types\/page"}],"author":[{"embeddable":true,"href":"https:\/\/acesur.com\/es\/wp-json\/wp\/v2\/users\/1"}],"replies":[{"embeddable":true,"href":"https:\/\/acesur.com\/es\/wp-json\/wp\/v2\/comments?post=31"}],"version-history":[{"count":78,"href":"https:\/\/acesur.com\/es\/wp-json\/wp\/v2\/pages\/31\/revisions"}],"predecessor-version":[{"id":5384,"href":"https:\/\/acesur.com\/es\/wp-json\/wp\/v2\/pages\/31\/revisions\/5384"}],"wp:attachment":[{"href":"https:\/\/acesur.com\/es\/wp-json\/wp\/v2\/media?parent=31"}],"curies":[{"name":"wp","href":"https:\/\/api.w.org\/{rel}","templated":true}]}}